{"id":715,"date":"2022-06-24T16:07:53","date_gmt":"2022-06-24T19:07:53","guid":{"rendered":"https:\/\/michielon.com.br\/?page_id=715"},"modified":"2022-07-01T15:15:23","modified_gmt":"2022-07-01T18:15:23","slug":"sobre-nos","status":"publish","type":"page","link":"https:\/\/michielon.com.br\/?page_id=715","title":{"rendered":"Sobre n\u00f3s"},"content":{"rendered":"\t\t<div data-elementor-type=\"wp-page\" data-elementor-id=\"715\" class=\"elementor elementor-715\">\n\t\t\t\t\t\t<section class=\"elementor-section elementor-top-section elementor-element elementor-element-83b8e2e elementor-section-full_width elementor-section-height-default elementor-section-height-default\" data-id=\"83b8e2e\" data-element_type=\"section\">\n\t\t\t\t\t\t<div class=\"elementor-container elementor-column-gap-default\">\n\t\t\t\t\t<div class=\"elementor-column elementor-col-50 elementor-top-column elementor-element elementor-element-7f06f34\" data-id=\"7f06f34\" data-element_type=\"column\" data-settings=\"{&quot;background_background&quot;:&quot;classic&quot;}\">\n\t\t\t<div class=\"elementor-widget-wrap elementor-element-populated\">\n\t\t\t\t\t\t<div class=\"elementor-element elementor-element-93056d2 elementor-widget-divider--separator-type-pattern elementor-widget-divider--view-line elementor-widget elementor-widget-divider\" data-id=\"93056d2\" data-element_type=\"widget\" data-widget_type=\"divider.default\">\n\t\t\t\t<div class=\"elementor-widget-container\">\n\t\t\t\t\t\t\t<div class=\"elementor-divider\" style=\"--divider-pattern-url: url(&quot;data:image\/svg+xml,%3Csvg xmlns=&#039;http:\/\/www.w3.org\/2000\/svg&#039; preserveAspectRatio=&#039;none&#039; overflow=&#039;visible&#039; height=&#039;100%&#039; viewBox=&#039;0 0 24 24&#039; fill=&#039;black&#039; stroke=&#039;none&#039;%3E%3Cpolygon points=&#039;9.4,2 24,2 14.6,21.6 0,21.6&#039;\/%3E%3C\/svg%3E&quot;);\">\n\t\t\t<span class=\"elementor-divider-separator\">\n\t\t\t\t\t\t<\/span>\n\t\t<\/div>\n\t\t\t\t\t\t<\/div>\n\t\t\t\t<\/div>\n\t\t\t\t<div class=\"elementor-element elementor-element-531c1f7 elementor-widget elementor-widget-heading\" data-id=\"531c1f7\" data-element_type=\"widget\" data-widget_type=\"heading.default\">\n\t\t\t\t<div class=\"elementor-widget-container\">\n\t\t\t\t\t<h2 class=\"elementor-heading-title elementor-size-default\">Sobre n\u00f3s<\/h2>\t\t\t\t<\/div>\n\t\t\t\t<\/div>\n\t\t\t\t<div class=\"elementor-element elementor-element-c6bb040 elementor-widget elementor-widget-heading\" data-id=\"c6bb040\" data-element_type=\"widget\" data-widget_type=\"heading.default\">\n\t\t\t\t<div class=\"elementor-widget-container\">\n\t\t\t\t\t<h4 class=\"elementor-heading-title elementor-size-default\">BELEZA, SOFISTICA\u00c7\u00c3O E ASSESSORIA COMPLETA DE PONTA A PONTA<\/h4>\t\t\t\t<\/div>\n\t\t\t\t<\/div>\n\t\t\t\t<div class=\"elementor-element elementor-element-8c7c343 elementor-widget elementor-widget-spacer\" data-id=\"8c7c343\" data-element_type=\"widget\" data-widget_type=\"spacer.default\">\n\t\t\t\t<div class=\"elementor-widget-container\">\n\t\t\t\t\t\t\t<div class=\"elementor-spacer\">\n\t\t\t<div class=\"elementor-spacer-inner\"><\/div>\n\t\t<\/div>\n\t\t\t\t\t\t<\/div>\n\t\t\t\t<\/div>\n\t\t\t\t<div class=\"elementor-element elementor-element-89f3ff8 elementor-widget elementor-widget-text-editor\" data-id=\"89f3ff8\" data-element_type=\"widget\" data-widget_type=\"text-editor.default\">\n\t\t\t\t<div class=\"elementor-widget-container\">\n\t\t\t\t\t\t\t\t\t<p>Para conhecer um pouco sobre quem somos hoje, basta olhar para algumas de nossas conquistas ao longo de mais de 45 anos desde a funda\u00e7\u00e3o da empresa. Iniciada com muita dedica\u00e7\u00e3o pelas m\u00e3os e talento do Engenheiro Carlos Michielon com objetivo de entregar aos clientes projetos diferenciados e assessoria completa, de ponta a ponta, unindo beleza e sofistica\u00e7\u00e3o. Com isso, somamos mais 250 projetos espalhados por S\u00e3o Paulo e Minas Gerais.<\/p><p>Nos dias atuais, nosso objetivo continua o mesmo, por\u00e9m agora somos maiores, mais \u00e1geis e mais bem estruturados com foco em atender clientes exigentes que buscam assessoria completa no desenvolvimento de projetos de parcelamentos de solo em todas as suas etapas, desde a an\u00e1lise de documentos at\u00e9 aprova\u00e7\u00f5es municipais, estaduais (Grupo de An\u00e1lise e Aprova\u00e7\u00e3o de Projetos Habitacionais \u2013 GRAPROHAB) e federais (Oficiais de Registro de Im\u00f3veis). Tudo realizado de maneira \u00e9tica, respeitando as legisla\u00e7\u00f5es vigentes por meio de equipe t\u00e9cnica especialmente treinada e capacitada.<\/p>\t\t\t\t\t\t\t\t<\/div>\n\t\t\t\t<\/div>\n\t\t\t\t<div class=\"elementor-element elementor-element-0cd1bd8 elementor-widget elementor-widget-spacer\" data-id=\"0cd1bd8\" data-element_type=\"widget\" data-widget_type=\"spacer.default\">\n\t\t\t\t<div class=\"elementor-widget-container\">\n\t\t\t\t\t\t\t<div class=\"elementor-spacer\">\n\t\t\t<div class=\"elementor-spacer-inner\"><\/div>\n\t\t<\/div>\n\t\t\t\t\t\t<\/div>\n\t\t\t\t<\/div>\n\t\t\t\t<div class=\"elementor-element elementor-element-1b22232 elementor-widget elementor-widget-text-editor\" data-id=\"1b22232\" data-element_type=\"widget\" data-widget_type=\"text-editor.default\">\n\t\t\t\t<div class=\"elementor-widget-container\">\n\t\t\t\t\t\t\t\t\t<p><img fetchpriority=\"high\" decoding=\"async\" class=\"aligncenter wp-image-725 size-large\" src=\"https:\/\/michielon.com.br\/wp-content\/uploads\/2022\/06\/WhatsApp-Image-2022-06-07-at-15.13.49-1024x566.jpeg\" alt=\"\" width=\"1024\" height=\"566\" srcset=\"https:\/\/michielon.com.br\/wp-content\/uploads\/2022\/06\/WhatsApp-Image-2022-06-07-at-15.13.49-1024x566.jpeg 1024w, https:\/\/michielon.com.br\/wp-content\/uploads\/2022\/06\/WhatsApp-Image-2022-06-07-at-15.13.49-300x166.jpeg 300w, https:\/\/michielon.com.br\/wp-content\/uploads\/2022\/06\/WhatsApp-Image-2022-06-07-at-15.13.49-768x424.jpeg 768w, https:\/\/michielon.com.br\/wp-content\/uploads\/2022\/06\/WhatsApp-Image-2022-06-07-at-15.13.49-24x13.jpeg 24w, https:\/\/michielon.com.br\/wp-content\/uploads\/2022\/06\/WhatsApp-Image-2022-06-07-at-15.13.49-36x20.jpeg 36w, https:\/\/michielon.com.br\/wp-content\/uploads\/2022\/06\/WhatsApp-Image-2022-06-07-at-15.13.49-48x27.jpeg 48w, https:\/\/michielon.com.br\/wp-content\/uploads\/2022\/06\/WhatsApp-Image-2022-06-07-at-15.13.49.jpeg 1280w\" sizes=\"(max-width: 1024px) 100vw, 1024px\" \/><\/p><h4>PROJETO EM PLATAFORMA BIM 3D<\/h4><p>Adequando se as necessidades do mercado, quando solicitado \u00e9 poss\u00edvel apresentarmos projetos em plataforma BIM com vis\u00e3o 3D, melhorando, assim, a visualiza\u00e7\u00e3o dos planos sem que haja conflitos.<\/p>\t\t\t\t\t\t\t\t<\/div>\n\t\t\t\t<\/div>\n\t\t\t\t<div class=\"elementor-element elementor-element-01a12ec elementor-widget elementor-widget-spacer\" data-id=\"01a12ec\" data-element_type=\"widget\" data-widget_type=\"spacer.default\">\n\t\t\t\t<div class=\"elementor-widget-container\">\n\t\t\t\t\t\t\t<div class=\"elementor-spacer\">\n\t\t\t<div class=\"elementor-spacer-inner\"><\/div>\n\t\t<\/div>\n\t\t\t\t\t\t<\/div>\n\t\t\t\t<\/div>\n\t\t\t\t<div class=\"elementor-element elementor-element-d0cae75 elementor-widget elementor-widget-heading\" data-id=\"d0cae75\" data-element_type=\"widget\" data-widget_type=\"heading.default\">\n\t\t\t\t<div class=\"elementor-widget-container\">\n\t\t\t\t\t<h2 class=\"elementor-heading-title elementor-size-default\">Empresas do Grupo<\/h2>\t\t\t\t<\/div>\n\t\t\t\t<\/div>\n\t\t\t\t<div class=\"elementor-element elementor-element-a73d1fc elementor-pagination-position-outside elementor-widget elementor-widget-image-carousel\" data-id=\"a73d1fc\" data-element_type=\"widget\" data-settings=\"{&quot;slides_to_show&quot;:&quot;3&quot;,&quot;slides_to_show_tablet&quot;:&quot;5&quot;,&quot;slides_to_show_mobile&quot;:&quot;2&quot;,&quot;slides_to_scroll&quot;:&quot;1&quot;,&quot;navigation&quot;:&quot;dots&quot;,&quot;autoplay&quot;:&quot;yes&quot;,&quot;pause_on_hover&quot;:&quot;yes&quot;,&quot;pause_on_interaction&quot;:&quot;yes&quot;,&quot;autoplay_speed&quot;:5000,&quot;infinite&quot;:&quot;yes&quot;,&quot;speed&quot;:500}\" data-widget_type=\"image-carousel.default\">\n\t\t\t\t<div class=\"elementor-widget-container\">\n\t\t\t\t\t\t\t<div class=\"elementor-image-carousel-wrapper swiper\" role=\"region\" aria-roledescription=\"carousel\" aria-label=\"Carrossel de imagem\" dir=\"ltr\">\n\t\t\t<div class=\"elementor-image-carousel swiper-wrapper\" aria-live=\"off\">\n\t\t\t\t\t\t\t\t<div class=\"swiper-slide\" role=\"group\" aria-roledescription=\"slide\" aria-label=\"1 of 7\"><figure class=\"swiper-slide-inner\"><img decoding=\"async\" class=\"swiper-slide-image\" src=\"https:\/\/michielon.com.br\/wp-content\/uploads\/2022\/05\/Logo-Jardim-Jose-Viel-Filho-150x150.png\" alt=\"Logo-Jardim-Jose-Viel-Filho\" \/><\/figure><\/div><div class=\"swiper-slide\" role=\"group\" aria-roledescription=\"slide\" aria-label=\"2 of 7\"><figure class=\"swiper-slide-inner\"><img decoding=\"async\" class=\"swiper-slide-image\" src=\"https:\/\/michielon.com.br\/wp-content\/uploads\/2022\/05\/Logo-Alto-da-Represa-150x150.png\" alt=\"Logo-Alto-da-Represa\" \/><\/figure><\/div><div class=\"swiper-slide\" role=\"group\" aria-roledescription=\"slide\" aria-label=\"3 of 7\"><figure class=\"swiper-slide-inner\"><img decoding=\"async\" class=\"swiper-slide-image\" src=\"https:\/\/michielon.com.br\/wp-content\/uploads\/2022\/03\/oggi-150x150-1.jpg\" alt=\"oggi-150x150\" \/><\/figure><\/div><div class=\"swiper-slide\" role=\"group\" aria-roledescription=\"slide\" aria-label=\"4 of 7\"><figure class=\"swiper-slide-inner\"><img decoding=\"async\" class=\"swiper-slide-image\" src=\"https:\/\/michielon.com.br\/wp-content\/uploads\/2022\/05\/jvf-empreendimentos-150x150.png\" alt=\"jvf-empreendimentos\" \/><\/figure><\/div><div class=\"swiper-slide\" role=\"group\" aria-roledescription=\"slide\" aria-label=\"5 of 7\"><figure class=\"swiper-slide-inner\"><img decoding=\"async\" class=\"swiper-slide-image\" src=\"https:\/\/michielon.com.br\/wp-content\/uploads\/2022\/06\/CMN-150x150.png\" alt=\"CMN\" \/><\/figure><\/div><div class=\"swiper-slide\" role=\"group\" aria-roledescription=\"slide\" aria-label=\"6 of 7\"><figure class=\"swiper-slide-inner\"><img decoding=\"async\" class=\"swiper-slide-image\" src=\"https:\/\/michielon.com.br\/wp-content\/uploads\/2022\/06\/vila-150x150.png\" alt=\"vila\" \/><\/figure><\/div><div class=\"swiper-slide\" role=\"group\" aria-roledescription=\"slide\" aria-label=\"7 of 7\"><figure class=\"swiper-slide-inner\"><img decoding=\"async\" class=\"swiper-slide-image\" src=\"https:\/\/michielon.com.br\/wp-content\/uploads\/2022\/06\/CGO-150x150.png\" alt=\"CGO\" \/><\/figure><\/div>\t\t\t<\/div>\n\t\t\t\t\t\t\t\n\t\t\t\t\t\t\t\t\t<div class=\"swiper-pagination\"><\/div>\n\t\t\t\t\t\t\t\t\t<\/div>\n\t\t\t\t\t\t<\/div>\n\t\t\t\t<\/div>\n\t\t\t\t\t<\/div>\n\t\t<\/div>\n\t\t\t\t<div class=\"elementor-column elementor-col-50 elementor-top-column elementor-element elementor-element-7cc7d3b elementor-hidden-tablet\" data-id=\"7cc7d3b\" data-element_type=\"column\" data-settings=\"{&quot;background_background&quot;:&quot;classic&quot;}\">\n\t\t\t<div class=\"elementor-widget-wrap\">\n\t\t\t\t\t\t\t<\/div>\n\t\t<\/div>\n\t\t\t\t\t<\/div>\n\t\t<\/section>\n\t\t\t\t<\/div>\n\t\t","protected":false},"excerpt":{"rendered":"<p>Sobre n\u00f3s BELEZA, SOFISTICA\u00c7\u00c3O E ASSESSORIA COMPLETA DE PONTA A PONTA Para conhecer um pouco sobre quem somos hoje, basta olhar para algumas de nossas conquistas ao longo de mais de 45 anos desde a funda\u00e7\u00e3o da empresa. Iniciada com muita dedica\u00e7\u00e3o pelas m\u00e3os e talento do Engenheiro Carlos Michielon com objetivo de entregar aos [&hellip;]<\/p>\n","protected":false},"author":1,"featured_media":0,"parent":0,"menu_order":0,"comment_status":"closed","ping_status":"closed","template":"","meta":{"site-sidebar-layout":"no-sidebar","site-content-layout":"page-builder","ast-site-content-layout":"default","site-content-style":"default","site-sidebar-style":"default","ast-global-header-display":"","ast-banner-title-visibility":"","ast-main-header-display":"","ast-hfb-above-header-display":"","ast-hfb-below-header-display":"","ast-hfb-mobile-header-display":"","site-post-title":"disabled","ast-breadcrumbs-content":"","ast-featured-img":"disabled","footer-sml-layout":"","theme-transparent-header-meta":"default","adv-header-id-meta":"","stick-header-meta":"","header-above-stick-meta":"","header-main-stick-meta":"","header-below-stick-meta":"","astra-migrate-meta-layouts":"default","ast-page-background-enabled":"default","ast-page-background-meta":{"desktop":{"background-color":"var(--ast-global-color-4)","background-image":"","background-repeat":"repeat","background-position":"center center","background-size":"auto","background-attachment":"scroll","background-type":"","background-media":"","overlay-type":"","overlay-color":"","overlay-opacity":"","overlay-gradient":""},"tablet":{"background-color":"","background-image":"","background-repeat":"repeat","background-position":"center center","background-size":"auto","background-attachment":"scroll","background-type":"","background-media":"","overlay-type":"","overlay-color":"","overlay-opacity":"","overlay-gradient":""},"mobile":{"background-color":"","background-image":"","background-repeat":"repeat","background-position":"center center","background-size":"auto","background-attachment":"scroll","background-type":"","background-media":"","overlay-type":"","overlay-color":"","overlay-opacity":"","overlay-gradient":""}},"ast-content-background-meta":{"desktop":{"background-color":"var(--ast-global-color-5)","background-image":"","background-repeat":"repeat","background-position":"center center","background-size":"auto","background-attachment":"scroll","background-type":"","background-media":"","overlay-type":"","overlay-color":"","overlay-opacity":"","overlay-gradient":""},"tablet":{"background-color":"var(--ast-global-color-5)","background-image":"","background-repeat":"repeat","background-position":"center center","background-size":"auto","background-attachment":"scroll","background-type":"","background-media":"","overlay-type":"","overlay-color":"","overlay-opacity":"","overlay-gradient":""},"mobile":{"background-color":"var(--ast-global-color-5)","background-image":"","background-repeat":"repeat","background-position":"center center","background-size":"auto","background-attachment":"scroll","background-type":"","background-media":"","overlay-type":"","overlay-color":"","overlay-opacity":"","overlay-gradient":""}},"footnotes":""},"class_list":["post-715","page","type-page","status-publish","hentry"],"_links":{"self":[{"href":"https:\/\/michielon.com.br\/index.php?rest_route=\/wp\/v2\/pages\/715","targetHints":{"allow":["GET"]}}],"collection":[{"href":"https:\/\/michielon.com.br\/index.php?rest_route=\/wp\/v2\/pages"}],"about":[{"href":"https:\/\/michielon.com.br\/index.php?rest_route=\/wp\/v2\/types\/page"}],"author":[{"embeddable":true,"href":"https:\/\/michielon.com.br\/index.php?rest_route=\/wp\/v2\/users\/1"}],"replies":[{"embeddable":true,"href":"https:\/\/michielon.com.br\/index.php?rest_route=%2Fwp%2Fv2%2Fcomments&post=715"}],"version-history":[{"count":23,"href":"https:\/\/michielon.com.br\/index.php?rest_route=\/wp\/v2\/pages\/715\/revisions"}],"predecessor-version":[{"id":742,"href":"https:\/\/michielon.com.br\/index.php?rest_route=\/wp\/v2\/pages\/715\/revisions\/742"}],"wp:attachment":[{"href":"https:\/\/michielon.com.br\/index.php?rest_route=%2Fwp%2Fv2%2Fmedia&parent=715"}],"curies":[{"name":"wp","href":"https:\/\/api.w.org\/{rel}","templated":true}]}}